{"id":33053,"date":"2022-02-02T17:17:23","date_gmt":"2022-02-02T16:17:23","guid":{"rendered":"https:\/\/outdoor-escape-games.ch\/?page_id=33053"},"modified":"2022-02-02T17:17:24","modified_gmt":"2022-02-02T16:17:24","slug":"autres-villes","status":"publish","type":"page","link":"https:\/\/outdoor-escape-games.ch\/fr\/autres-villes\/","title":{"rendered":"Autres villes"},"content":{"rendered":"\t\t<div data-elementor-type=\"wp-page\" data-elementor-id=\"33053\" class=\"elementor elementor-33053 elementor-33051\" data-elementor-post-type=\"page\">\n\t\t\t\t\t\t<section class=\"ob-is-breaking-bad elementor-section elementor-top-section elementor-element elementor-element-36d1ab86 elementor-section-height-min-height elementor-section-boxed elementor-section-height-default elementor-section-items-middle\" data-id=\"36d1ab86\" data-element_type=\"section\" data-e-type=\"section\" data-settings=\"{&quot;background_background&quot;:&quot;classic&quot;,&quot;_ob_bbad_use_it&quot;:&quot;yes&quot;,&quot;_ob_bbad_sssic_use&quot;:&quot;no&quot;,&quot;_ob_glider_is_slider&quot;:&quot;no&quot;}\">\n\t\t\t\t\t\t<div class=\"elementor-container elementor-column-gap-default\">\n\t\t\t\t\t<div class=\"elementor-column elementor-col-100 elementor-top-column elementor-element elementor-element-60649fc0\" data-id=\"60649fc0\" data-element_type=\"column\" data-e-type=\"column\" data-settings=\"{&quot;_ob_bbad_is_stalker&quot;:&quot;no&quot;,&quot;_ob_teleporter_use&quot;:false,&quot;_ob_column_hoveranimator&quot;:&quot;no&quot;,&quot;_ob_column_has_pseudo&quot;:&quot;no&quot;}\">\n\t\t\t<div class=\"elementor-widget-wrap elementor-element-populated\">\n\t\t\t\t\t\t<div class=\"elementor-element elementor-element-9bb10f5 ob-harakiri-inherit ob-has-background-overlay elementor-widget elementor-widget-text-editor\" data-id=\"9bb10f5\" data-element_type=\"widget\" data-e-type=\"widget\" data-settings=\"{&quot;_ob_use_harakiri&quot;:&quot;yes&quot;,&quot;_ob_harakiri_writing_mode&quot;:&quot;inherit&quot;,&quot;_ob_postman_use&quot;:&quot;no&quot;,&quot;_ob_perspektive_use&quot;:&quot;no&quot;,&quot;_ob_poopart_use&quot;:&quot;yes&quot;,&quot;_ob_shadough_use&quot;:&quot;no&quot;,&quot;_ob_allow_hoveranimator&quot;:&quot;no&quot;,&quot;_ob_widget_stalker_use&quot;:&quot;no&quot;}\" data-widget_type=\"text-editor.default\">\n\t\t\t\t<div class=\"elementor-widget-container\">\n\t\t\t\t\t\t\t\t\t<h2>Vous souhaitez recevoir une offre peronnalis\u00e9e pour une autre ville ou un autre lieu, et adapt\u00e9e \u00e0 vos besoins ?<\/h2>\n<h2>Contactez-nous !<\/h2>\n\t\t\t\t\t\t\t\t<\/div>\n\t\t\t\t<\/div>\n\t\t\t\t\t<\/div>\n\t\t<\/div>\n\t\t\t\t\t<\/div>\n\t\t<\/section>\n\t\t\t\t<section class=\"ob-is-breaking-bad elementor-section elementor-top-section elementor-element elementor-element-7313b02d elementor-section-boxed elementor-section-height-default elementor-section-height-default\" data-id=\"7313b02d\" data-element_type=\"section\" data-e-type=\"section\" data-settings=\"{&quot;_ob_bbad_use_it&quot;:&quot;yes&quot;,&quot;_ob_bbad_sssic_use&quot;:&quot;no&quot;,&quot;_ob_glider_is_slider&quot;:&quot;no&quot;}\">\n\t\t\t\t\t\t<div class=\"elementor-container elementor-column-gap-no\">\n\t\t\t\t\t<div class=\"elementor-column elementor-col-100 elementor-top-column elementor-element elementor-element-3f2b3ec8 elementor-invisible\" data-id=\"3f2b3ec8\" data-element_type=\"column\" data-e-type=\"column\" data-settings=\"{&quot;background_background&quot;:&quot;classic&quot;,&quot;animation&quot;:&quot;slideInLeft&quot;,&quot;animation_delay&quot;:200,&quot;_ob_bbad_is_stalker&quot;:&quot;no&quot;,&quot;_ob_teleporter_use&quot;:false,&quot;_ob_column_hoveranimator&quot;:&quot;no&quot;,&quot;_ob_column_has_pseudo&quot;:&quot;no&quot;}\">\n\t\t\t<div class=\"elementor-widget-wrap elementor-element-populated\">\n\t\t\t\t\t\t<div class=\"elementor-element elementor-element-7748ee1d ob-has-background-overlay elementor-widget elementor-widget-shortcode\" data-id=\"7748ee1d\" data-element_type=\"widget\" data-e-type=\"widget\" data-settings=\"{&quot;_ob_perspektive_use&quot;:&quot;no&quot;,&quot;_ob_poopart_use&quot;:&quot;yes&quot;,&quot;_ob_shadough_use&quot;:&quot;no&quot;,&quot;_ob_allow_hoveranimator&quot;:&quot;no&quot;,&quot;_ob_widget_stalker_use&quot;:&quot;no&quot;}\" data-widget_type=\"shortcode.default\">\n\t\t\t\t<div class=\"elementor-widget-container\">\n\t\t\t\t\t\t\t<div class=\"elementor-shortcode\"><div class=\"wpforms-container wpforms-container-full wpforms-container modern\" id=\"wpforms-28919\"><form id=\"wpforms-form-28919\" class=\"wpforms-validate wpforms-form\" data-formid=\"28919\" method=\"post\" enctype=\"multipart\/form-data\" action=\"\/fr\/wp-json\/wp\/v2\/pages\/33053\" data-token=\"9a62c8a01e3b8e19fdcb08a67e50021b\" data-token-time=\"1776029912\"><noscript class=\"wpforms-error-noscript\">Veuillez activer JavaScript dans votre navigateur pour remplir ce formulaire.<\/noscript><div class=\"wpforms-field-container\"><div id=\"wpforms-28919-field_0-container\" class=\"wpforms-field wpforms-field-name\" data-field-id=\"0\"><label class=\"wpforms-field-label\" for=\"wpforms-28919-field_0\">Nom et pr\u00e9nom <span class=\"wpforms-required-label\">*<\/span><\/label><input type=\"text\" id=\"wpforms-28919-field_0\" class=\"wpforms-field-medium wpforms-field-required\" name=\"wpforms[fields][0]\" required><\/div><div id=\"wpforms-28919-field_8-container\" class=\"wpforms-field wpforms-field-name\" data-field-id=\"8\"><label class=\"wpforms-field-label\" for=\"wpforms-28919-field_8\">Entreprise<\/label><input type=\"text\" id=\"wpforms-28919-field_8\" class=\"wpforms-field-medium\" name=\"wpforms[fields][8]\" ><\/div><div id=\"wpforms-28919-field_13-container\" class=\"wpforms-field wpforms-field-phone\" data-field-id=\"13\"><label class=\"wpforms-field-label\" for=\"wpforms-28919-field_13\">T\u00e9l\u00e9phone <span class=\"wpforms-required-label\">*<\/span><\/label><input type=\"tel\" id=\"wpforms-28919-field_13\" class=\"wpforms-field-medium wpforms-field-required wpforms-smart-phone-field\" data-rule-smart-phone-field=\"true\" name=\"wpforms[fields][13]\" aria-label=\"T\u00e9l\u00e9phone\" required><\/div><div id=\"wpforms-28919-field_1-container\" class=\"wpforms-field wpforms-field-email\" data-field-id=\"1\"><label class=\"wpforms-field-label\" for=\"wpforms-28919-field_1\">E-mail <span class=\"wpforms-required-label\">*<\/span><\/label><input type=\"email\" id=\"wpforms-28919-field_1\" class=\"wpforms-field-medium wpforms-field-required\" name=\"wpforms[fields][1]\" spellcheck=\"false\" required><\/div><div id=\"wpforms-28919-field_14-container\" class=\"wpforms-field wpforms-field-date-time\" data-field-id=\"14\"><label class=\"wpforms-field-label\">Date et heure d&#039;\u00e9v\u00e9nement <span class=\"wpforms-required-label\">*<\/span><\/label><div class=\"wpforms-field-row wpforms-field-medium\"><div class=\"wpforms-field-row-block wpforms-date-type-datepicker\"><div class=\"wpforms-datepicker-wrap\"><input type=\"text\" id=\"wpforms-28919-field_14\" class=\"wpforms-field-date-time-date wpforms-datepicker wpforms-field-required\" data-date-format=\"d\/m\/Y\" data-disable-past-dates=\"0\" data-input=\"true\" name=\"wpforms[fields][14][date]\" required><a title=\"Effacer la date\" data-clear role=\"button\" tabindex=\"0\" class=\"wpforms-datepicker-clear\" aria-label=\"Effacer la date\" style=\"display:none;\"><\/a><\/div><label for=\"wpforms-28919-field_14\" class=\"wpforms-field-sublabel after\">Date<\/label><\/div><div class=\"wpforms-field-row-block\"><input type=\"text\" id=\"wpforms-28919-field_14-time\" class=\"wpforms-field-date-time-time wpforms-timepicker wpforms-field-required\" data-time-format=\"g:i A\" data-step=\"30\" data-rule-time12h=\"true\" name=\"wpforms[fields][14][time]\" required><label for=\"wpforms-28919-field_14-time\" class=\"wpforms-field-sublabel after\">Heure<\/label><\/div><\/div><\/div><div id=\"wpforms-28919-field_11-container\" class=\"wpforms-field wpforms-field-select wpforms-field-select-style-modern\" data-field-id=\"11\"><label class=\"wpforms-field-label\" for=\"wpforms-28919-field_11\">Ville\/Commune\/R\u00e9gion <span class=\"wpforms-required-label\">*<\/span><\/label><select id=\"wpforms-28919-field_11\" class=\"wpforms-field-medium wpforms-field-required choicesjs-select\" data-size-class=\"wpforms-field-row wpforms-field-medium\" data-search-enabled=\"\" name=\"wpforms[fields][11]\" required=\"required\"><option value=\"\" class=\"placeholder\" disabled ><\/option><option value=\"W\u00e4hle eine Stadt\"  selected='selected' class=\"choice-1 depth-1\"  >W\u00e4hle eine Stadt<\/option><option value=\"Z\u00fcrich\"  class=\"choice-6 depth-1\"  >Z\u00fcrich<\/option><option value=\"Gen\u00e8ve\"  class=\"choice-4 depth-1\"  >Gen\u00e8ve<\/option><option value=\"Autre ville\"  class=\"choice-2 depth-1\"  >Autre ville<\/option><\/select><\/div><div id=\"wpforms-28919-field_9-container\" class=\"wpforms-field wpforms-field-text\" data-field-id=\"9\"><label class=\"wpforms-field-label\" for=\"wpforms-28919-field_9\">Autre ville<\/label><input type=\"text\" id=\"wpforms-28919-field_9\" class=\"wpforms-field-medium\" name=\"wpforms[fields][9]\" ><\/div><div id=\"wpforms-28919-field_3-container\" class=\"wpforms-field wpforms-field-select wpforms-field-select-style-modern\" data-field-id=\"3\"><label class=\"wpforms-field-label\" for=\"wpforms-28919-field_3\">Type d&#039;\u00e9v\u00e9nement <span class=\"wpforms-required-label\">*<\/span><\/label><select id=\"wpforms-28919-field_3\" class=\"wpforms-field-medium wpforms-field-required choicesjs-select\" data-size-class=\"wpforms-field-row wpforms-field-medium\" data-search-enabled=\"1\" name=\"wpforms[fields][3]\" required=\"required\"><option value=\"\" class=\"placeholder\" disabled  selected='selected'><\/option><option value=\"Team Building\"  class=\"choice-6 depth-1\"  >Team Building<\/option><option value=\"S\u00e9minaire et Congres\"  class=\"choice-4 depth-1\"  >S\u00e9minaire et Congres<\/option><option value=\"\u00c9v\u00e9nement int\u00e9rieur\"  class=\"choice-2 depth-1\"  >\u00c9v\u00e9nement int\u00e9rieur<\/option><option value=\"Anniversaires\"  class=\"choice-3 depth-1\"  >Anniversaires<\/option><option value=\"Bachelor &amp; Bachelorette\"  class=\"choice-7 depth-1\"  >Bachelor &amp; Bachelorette<\/option><option value=\"\u00c9v\u00e9nement sp\u00e9cial\"  class=\"choice-8 depth-1\"  >\u00c9v\u00e9nement sp\u00e9cial<\/option><option value=\"Sortie Scolaire\"  class=\"choice-9 depth-1\"  >Sortie Scolaire<\/option><option value=\"Op\u00e9ration No\u00ebl\"  class=\"choice-10 depth-1\"  >Op\u00e9ration No\u00ebl<\/option><option value=\"Autre\"  class=\"choice-13 depth-1\"  >Autre<\/option><\/select><div class=\"wpforms-field-description\">S\u00e9l\u00e9ctionnez votre type d'\u00e9v\u00e9nement<\/div><\/div><div id=\"wpforms-28919-field_10-container\" class=\"wpforms-field wpforms-field-number\" data-field-id=\"10\"><label class=\"wpforms-field-label\" for=\"wpforms-28919-field_10\">Nombre approximatif de personnes <span class=\"wpforms-required-label\">*<\/span><\/label><input type=\"number\" id=\"wpforms-28919-field_10\" class=\"wpforms-field-medium wpforms-field-required\" name=\"wpforms[fields][10]\" step=\"any\" required><\/div><div id=\"wpforms-28919-field_2-container\" class=\"wpforms-field wpforms-field-textarea\" data-field-id=\"2\"><label class=\"wpforms-field-label\" for=\"wpforms-28919-field_2\">Votre message <span class=\"wpforms-required-label\">*<\/span><\/label><textarea id=\"wpforms-28919-field_2\" class=\"wpforms-field-medium wpforms-field-required\" name=\"wpforms[fields][2]\" required><\/textarea><\/div><div id=\"wpforms-28919-field_12-container\" class=\"wpforms-field wpforms-field-captcha\" data-field-id=\"12\"><label class=\"wpforms-field-label\" for=\"wpforms-28919-field_12\">Anti-robots <span class=\"wpforms-required-label\">*<\/span><\/label>\t\t\t<div class=\"wpforms-captcha-math\">\n\t\t\t\t<span id=\"wpforms-28919-field_12-question\" class=\"wpforms-captcha-equation\">\n\t\t\t\t\t<span class=\"n1\">12<\/span>\n\t\t\t\t\t\t\t<span class=\"cal\">+<\/span>\n\t\t\t\t\t\t\t<span class=\"n2\">9<\/span>\t\t\t\t\t<span class=\"e\">=<\/span>\n\t\t\t\t<\/span>\n\t\t\t\t<input type=\"text\" id=\"wpforms-28919-field_12\" class=\"wpforms-field-medium wpforms-field-required a\" data-rule-wpf-captcha=\"math\" data-is-wrapped-field=\"1\" name=\"wpforms[fields][12][a]\" aria-describedby=\"wpforms-28919-field_12-question\" required>\t\t\t\t<input type=\"hidden\" name=\"wpforms[fields][12][cal]\" class=\"cal\">\n\t\t\t\t<input type=\"hidden\" name=\"wpforms[fields][12][n2]\" class=\"n2\">\n\t\t\t\t<input type=\"hidden\" name=\"wpforms[fields][12][n1]\" class=\"n1\">\n\t\t\t<\/div>\n\t\t\t<\/div><\/div><!-- .wpforms-field-container --><div class=\"wpforms-submit-container\" ><input type=\"hidden\" name=\"wpforms[id]\" value=\"28919\"><input type=\"hidden\" name=\"page_title\" value=\"\"><input type=\"hidden\" name=\"page_url\" value=\"https:\/\/outdoor-escape-games.ch\/fr\/wp-json\/wp\/v2\/pages\/33053\"><input type=\"hidden\" name=\"url_referer\" value=\"\"><button type=\"submit\" name=\"wpforms[submit]\" id=\"wpforms-submit-28919\" class=\"wpforms-submit\" data-alt-text=\"Envoie...\" data-submit-text=\"Envoyer.\" aria-live=\"assertive\" value=\"wpforms-submit\">Envoyer.<\/button><\/div><\/form><\/div>  <!-- .wpforms-container --><\/div>\n\t\t\t\t\t\t<\/div>\n\t\t\t\t<\/div>\n\t\t\t\t\t<\/div>\n\t\t<\/div>\n\t\t\t\t\t<\/div>\n\t\t<\/section>\n\t\t\t\t<\/div>\n\t\t","protected":false},"excerpt":{"rendered":"<p>Vous souhaitez recevoir une offre peronnalis\u00e9e pour une autre ville ou un autre lieu, et adapt\u00e9e \u00e0 vos besoins ? Contactez-nous !<\/p>\n","protected":false},"author":1,"featured_media":0,"parent":0,"menu_order":0,"comment_status":"closed","ping_status":"closed","template":"elementor_header_footer","meta":{"_vp_format_video_url":"","_vp_image_focal_point":[],"footnotes":""},"class_list":["post-33053","page","type-page","status-publish","hentry"],"yoast_head":"<!-- This site is optimized with the Yoast SEO plugin v27.3 - https:\/\/yoast.com\/product\/yoast-seo-wordpress\/ -->\n<title>formulaire de contact - Outdoor Escape Games<\/title>\n<meta name=\"description\" content=\"Formulaire de contact Outdoor Escape Games pour votre \u00e9v\u00e9nement. O\u00f9 lejeu devrait-il avoir lieu et quel type d&#039;\u00e9v\u00e9nement.\" \/>\n<meta name=\"robots\" content=\"index, follow, max-snippet:-1, max-image-preview:large, max-video-preview:-1\" \/>\n<link rel=\"canonical\" href=\"https:\/\/outdoor-escape-games.ch\/fr\/autres-villes\/\" \/>\n<meta property=\"og:locale\" content=\"fr_FR\" \/>\n<meta property=\"og:type\" content=\"article\" \/>\n<meta property=\"og:title\" content=\"formulaire de contact - Outdoor Escape Games\" \/>\n<meta property=\"og:description\" content=\"Formulaire de contact Outdoor Escape Games pour votre \u00e9v\u00e9nement. O\u00f9 lejeu devrait-il avoir lieu et quel type d&#039;\u00e9v\u00e9nement.\" \/>\n<meta property=\"og:url\" content=\"https:\/\/outdoor-escape-games.ch\/fr\/autres-villes\/\" \/>\n<meta property=\"og:site_name\" content=\"Outdoor Escape Games\" \/>\n<meta property=\"article:modified_time\" content=\"2022-02-02T16:17:24+00:00\" \/>\n<meta name=\"twitter:card\" content=\"summary_large_image\" \/>\n<meta name=\"twitter:label1\" content=\"Dur\u00e9e de lecture estim\u00e9e\" \/>\n\t<meta name=\"twitter:data1\" content=\"1 minute\" \/>\n<script type=\"application\/ld+json\" class=\"yoast-schema-graph\">{\"@context\":\"https:\\\/\\\/schema.org\",\"@graph\":[{\"@type\":\"WebPage\",\"@id\":\"https:\\\/\\\/outdoor-escape-games.ch\\\/fr\\\/autres-villes\\\/\",\"url\":\"https:\\\/\\\/outdoor-escape-games.ch\\\/fr\\\/autres-villes\\\/\",\"name\":\"formulaire de contact - Outdoor Escape Games\",\"isPartOf\":{\"@id\":\"https:\\\/\\\/outdoor-escape-games.ch\\\/fr\\\/#website\"},\"datePublished\":\"2022-02-02T16:17:23+00:00\",\"dateModified\":\"2022-02-02T16:17:24+00:00\",\"description\":\"Formulaire de contact Outdoor Escape Games pour votre \u00e9v\u00e9nement. O\u00f9 lejeu devrait-il avoir lieu et quel type d'\u00e9v\u00e9nement.\",\"breadcrumb\":{\"@id\":\"https:\\\/\\\/outdoor-escape-games.ch\\\/fr\\\/autres-villes\\\/#breadcrumb\"},\"inLanguage\":\"fr-FR\",\"potentialAction\":[{\"@type\":\"ReadAction\",\"target\":[\"https:\\\/\\\/outdoor-escape-games.ch\\\/fr\\\/autres-villes\\\/\"]}]},{\"@type\":\"BreadcrumbList\",\"@id\":\"https:\\\/\\\/outdoor-escape-games.ch\\\/fr\\\/autres-villes\\\/#breadcrumb\",\"itemListElement\":[{\"@type\":\"ListItem\",\"position\":1,\"name\":\"Accueil\",\"item\":\"https:\\\/\\\/outdoor-escape-games.ch\\\/fr\\\/\"},{\"@type\":\"ListItem\",\"position\":2,\"name\":\"Autres villes\"}]},{\"@type\":\"WebSite\",\"@id\":\"https:\\\/\\\/outdoor-escape-games.ch\\\/fr\\\/#website\",\"url\":\"https:\\\/\\\/outdoor-escape-games.ch\\\/fr\\\/\",\"name\":\"Outdoor Escape Games\",\"description\":\"Outdoor Escape Games f\u00fcr alle in der Schweiz\",\"publisher\":{\"@id\":\"https:\\\/\\\/outdoor-escape-games.ch\\\/fr\\\/#organization\"},\"potentialAction\":[{\"@type\":\"SearchAction\",\"target\":{\"@type\":\"EntryPoint\",\"urlTemplate\":\"https:\\\/\\\/outdoor-escape-games.ch\\\/fr\\\/?s={search_term_string}\"},\"query-input\":{\"@type\":\"PropertyValueSpecification\",\"valueRequired\":true,\"valueName\":\"search_term_string\"}}],\"inLanguage\":\"fr-FR\"},{\"@type\":\"Organization\",\"@id\":\"https:\\\/\\\/outdoor-escape-games.ch\\\/fr\\\/#organization\",\"name\":\"Outdoor Escape Games\",\"url\":\"https:\\\/\\\/outdoor-escape-games.ch\\\/fr\\\/\",\"logo\":{\"@type\":\"ImageObject\",\"inLanguage\":\"fr-FR\",\"@id\":\"https:\\\/\\\/outdoor-escape-games.ch\\\/fr\\\/#\\\/schema\\\/logo\\\/image\\\/\",\"url\":\"https:\\\/\\\/outdoor-escape-games.ch\\\/wp-content\\\/uploads\\\/2021\\\/01\\\/OEG_Logo_web_outdoor-escape-rooms.jpg\",\"contentUrl\":\"https:\\\/\\\/outdoor-escape-games.ch\\\/wp-content\\\/uploads\\\/2021\\\/01\\\/OEG_Logo_web_outdoor-escape-rooms.jpg\",\"width\":500,\"height\":390,\"caption\":\"Outdoor Escape Games\"},\"image\":{\"@id\":\"https:\\\/\\\/outdoor-escape-games.ch\\\/fr\\\/#\\\/schema\\\/logo\\\/image\\\/\"}}]}<\/script>\n<!-- \/ Yoast SEO plugin. -->","yoast_head_json":{"title":"formulaire de contact - Outdoor Escape Games","description":"Formulaire de contact Outdoor Escape Games pour votre \u00e9v\u00e9nement. O\u00f9 lejeu devrait-il avoir lieu et quel type d'\u00e9v\u00e9nement.","robots":{"index":"index","follow":"follow","max-snippet":"max-snippet:-1","max-image-preview":"max-image-preview:large","max-video-preview":"max-video-preview:-1"},"canonical":"https:\/\/outdoor-escape-games.ch\/fr\/autres-villes\/","og_locale":"fr_FR","og_type":"article","og_title":"formulaire de contact - Outdoor Escape Games","og_description":"Formulaire de contact Outdoor Escape Games pour votre \u00e9v\u00e9nement. O\u00f9 lejeu devrait-il avoir lieu et quel type d'\u00e9v\u00e9nement.","og_url":"https:\/\/outdoor-escape-games.ch\/fr\/autres-villes\/","og_site_name":"Outdoor Escape Games","article_modified_time":"2022-02-02T16:17:24+00:00","twitter_card":"summary_large_image","twitter_misc":{"Dur\u00e9e de lecture estim\u00e9e":"1 minute"},"schema":{"@context":"https:\/\/schema.org","@graph":[{"@type":"WebPage","@id":"https:\/\/outdoor-escape-games.ch\/fr\/autres-villes\/","url":"https:\/\/outdoor-escape-games.ch\/fr\/autres-villes\/","name":"formulaire de contact - Outdoor Escape Games","isPartOf":{"@id":"https:\/\/outdoor-escape-games.ch\/fr\/#website"},"datePublished":"2022-02-02T16:17:23+00:00","dateModified":"2022-02-02T16:17:24+00:00","description":"Formulaire de contact Outdoor Escape Games pour votre \u00e9v\u00e9nement. O\u00f9 lejeu devrait-il avoir lieu et quel type d'\u00e9v\u00e9nement.","breadcrumb":{"@id":"https:\/\/outdoor-escape-games.ch\/fr\/autres-villes\/#breadcrumb"},"inLanguage":"fr-FR","potentialAction":[{"@type":"ReadAction","target":["https:\/\/outdoor-escape-games.ch\/fr\/autres-villes\/"]}]},{"@type":"BreadcrumbList","@id":"https:\/\/outdoor-escape-games.ch\/fr\/autres-villes\/#breadcrumb","itemListElement":[{"@type":"ListItem","position":1,"name":"Accueil","item":"https:\/\/outdoor-escape-games.ch\/fr\/"},{"@type":"ListItem","position":2,"name":"Autres villes"}]},{"@type":"WebSite","@id":"https:\/\/outdoor-escape-games.ch\/fr\/#website","url":"https:\/\/outdoor-escape-games.ch\/fr\/","name":"Outdoor Escape Games","description":"Outdoor Escape Games f\u00fcr alle in der Schweiz","publisher":{"@id":"https:\/\/outdoor-escape-games.ch\/fr\/#organization"},"potentialAction":[{"@type":"SearchAction","target":{"@type":"EntryPoint","urlTemplate":"https:\/\/outdoor-escape-games.ch\/fr\/?s={search_term_string}"},"query-input":{"@type":"PropertyValueSpecification","valueRequired":true,"valueName":"search_term_string"}}],"inLanguage":"fr-FR"},{"@type":"Organization","@id":"https:\/\/outdoor-escape-games.ch\/fr\/#organization","name":"Outdoor Escape Games","url":"https:\/\/outdoor-escape-games.ch\/fr\/","logo":{"@type":"ImageObject","inLanguage":"fr-FR","@id":"https:\/\/outdoor-escape-games.ch\/fr\/#\/schema\/logo\/image\/","url":"https:\/\/outdoor-escape-games.ch\/wp-content\/uploads\/2021\/01\/OEG_Logo_web_outdoor-escape-rooms.jpg","contentUrl":"https:\/\/outdoor-escape-games.ch\/wp-content\/uploads\/2021\/01\/OEG_Logo_web_outdoor-escape-rooms.jpg","width":500,"height":390,"caption":"Outdoor Escape Games"},"image":{"@id":"https:\/\/outdoor-escape-games.ch\/fr\/#\/schema\/logo\/image\/"}}]}},"_links":{"self":[{"href":"https:\/\/outdoor-escape-games.ch\/fr\/wp-json\/wp\/v2\/pages\/33053","targetHints":{"allow":["GET"]}}],"collection":[{"href":"https:\/\/outdoor-escape-games.ch\/fr\/wp-json\/wp\/v2\/pages"}],"about":[{"href":"https:\/\/outdoor-escape-games.ch\/fr\/wp-json\/wp\/v2\/types\/page"}],"author":[{"embeddable":true,"href":"https:\/\/outdoor-escape-games.ch\/fr\/wp-json\/wp\/v2\/users\/1"}],"replies":[{"embeddable":true,"href":"https:\/\/outdoor-escape-games.ch\/fr\/wp-json\/wp\/v2\/comments?post=33053"}],"version-history":[{"count":3,"href":"https:\/\/outdoor-escape-games.ch\/fr\/wp-json\/wp\/v2\/pages\/33053\/revisions"}],"predecessor-version":[{"id":33061,"href":"https:\/\/outdoor-escape-games.ch\/fr\/wp-json\/wp\/v2\/pages\/33053\/revisions\/33061"}],"wp:attachment":[{"href":"https:\/\/outdoor-escape-games.ch\/fr\/wp-json\/wp\/v2\/media?parent=33053"}],"curies":[{"name":"wp","href":"https:\/\/api.w.org\/{rel}","templated":true}]}}